{"id":171,"date":"2024-10-25T11:14:50","date_gmt":"2024-10-25T11:14:50","guid":{"rendered":"https:\/\/dummy.xtemos.com\/woodmart2\/makeup-elementor\/?page_id=171"},"modified":"2026-03-09T21:45:46","modified_gmt":"2026-03-09T18:45:46","slug":"about-us","status":"publish","type":"page","link":"https:\/\/taluilac.com\/en\/about-us\/","title":{"rendered":"About Us"},"content":{"rendered":"<div data-elementor-type=\"wp-page\" data-elementor-id=\"171\" class=\"elementor elementor-171\">\n\t\t\t\t<div class=\"wd-negative-gap elementor-element elementor-element-de48c8e e-flex e-con-boxed e-con e-parent\" data-id=\"de48c8e\" data-element_type=\"container\" data-settings=\"{&quot;background_background&quot;:&quot;classic&quot;}\">\n\t\t\t\t\t<div class=\"e-con-inner\">\n\t\t\t\t<div class=\"elementor-element elementor-element-55dd158 wd-width-100 elementor-widget elementor-widget-wd_title\" data-id=\"55dd158\" data-element_type=\"widget\" data-widget_type=\"wd_title.default\">\n\t\t\t\t<div class=\"elementor-widget-container\">\n\t\t\t\t\t\t\t<div class=\"title-wrapper wd-set-mb reset-last-child wd-title-color-default wd-title-style-default wd-title-size-default text-center\">\n\n\t\t\t\n\t\t\t<div class=\"liner-continer\">\n\t\t\t\t<h1 class=\"woodmart-title-container title wd-fontsize-l\">About Us<\/h1> \n\t\t\t\t\t\t\t<\/div>\n\n\t\t\t\t\t<\/div>\n\t\t\t\t\t\t<\/div>\n\t\t\t\t<\/div>\n\t\t\t\t\t<\/div>\n\t\t\t\t<\/div>\n\t\t<div class=\"wd-negative-gap elementor-element elementor-element-2a484a6 e-flex e-con-boxed e-con e-parent\" data-id=\"2a484a6\" data-element_type=\"container\">\n\t\t\t\t\t<div class=\"e-con-inner\">\n\t\t<div class=\"elementor-element elementor-element-3f43773 e-con-full color-scheme-light e-flex e-con e-child\" data-id=\"3f43773\" data-element_type=\"container\">\n\t\t\t\t<div class=\"elementor-element elementor-element-d8ff70f elementor-widget elementor-widget-image\" data-id=\"d8ff70f\" data-element_type=\"widget\" data-widget_type=\"image.default\">\n\t\t\t\t\t\t\t\t\t\t\t\t\t\t\t<img fetchpriority=\"high\" decoding=\"async\" width=\"819\" height=\"1024\" src=\"https:\/\/taluilac.com\/wp-content\/uploads\/2025\/09\/meditechtr_1755068409_3698104306315638860_44373852169-min-819x1024.jpg\" class=\"attachment-large size-large wp-image-16092\" alt=\"\" srcset=\"https:\/\/taluilac.com\/wp-content\/uploads\/2025\/09\/meditechtr_1755068409_3698104306315638860_44373852169-min-819x1024.jpg 819w, https:\/\/taluilac.com\/wp-content\/uploads\/2025\/09\/meditechtr_1755068409_3698104306315638860_44373852169-min-150x188.jpg 150w, https:\/\/taluilac.com\/wp-content\/uploads\/2025\/09\/meditechtr_1755068409_3698104306315638860_44373852169-min-240x300.jpg 240w, https:\/\/taluilac.com\/wp-content\/uploads\/2025\/09\/meditechtr_1755068409_3698104306315638860_44373852169-min-768x960.jpg 768w, https:\/\/taluilac.com\/wp-content\/uploads\/2025\/09\/meditechtr_1755068409_3698104306315638860_44373852169-min.jpg 1080w\" sizes=\"(max-width: 819px) 100vw, 819px\" \/>\t\t\t\t\t\t\t\t\t\t\t\t\t\t\t<\/div>\n\t\t\t\t<\/div>\n\t\t<div class=\"elementor-element elementor-element-24ea206 e-con-full color-scheme-light e-flex e-con e-child\" data-id=\"24ea206\" data-element_type=\"container\">\n\t\t<div class=\"elementor-element elementor-element-7fc94d0 e-con-full e-flex e-con e-child\" data-id=\"7fc94d0\" data-element_type=\"container\">\n\t\t\t\t<div class=\"elementor-element elementor-element-1aa9f8f wd-width-100 elementor-widget elementor-widget-wd_title\" data-id=\"1aa9f8f\" data-element_type=\"widget\" data-widget_type=\"wd_title.default\">\n\t\t\t\t<div class=\"elementor-widget-container\">\n\t\t\t\t\t\t\t<div class=\"title-wrapper wd-set-mb reset-last-child wd-title-color-default wd-title-style-default wd-title-size-default text-left\">\n\n\t\t\t\n\t\t\t<div class=\"liner-continer\">\n\t\t\t\t<h4 class=\"woodmart-title-container title wd-fontsize-l\">46 Years With You!<\/h4> \n\t\t\t\t\t\t\t<\/div>\n\n\t\t\t\t\t<\/div>\n\t\t\t\t\t\t<\/div>\n\t\t\t\t<\/div>\n\t\t\t\t<div class=\"elementor-element elementor-element-5963db3 elementor-widget elementor-widget-wd_text_block\" data-id=\"5963db3\" data-element_type=\"widget\" data-widget_type=\"wd_text_block.default\">\n\t\t\t\t<div class=\"elementor-widget-container\">\n\t\t\t\t\t\t\t<div class=\"wd-text-block reset-last-child text-left\">\n\t\t\t\n\t\t\t<p>Talu Pharmaceutical Industry and Istanbul Cosmetics Industry has gained the trust and appreciation of doctors and pharmacists throughout Turkey for more than 46 years. Started in 1978 in Tepeba\u015f\u0131 G\u00fcne\u015f Pharmacy, this adventure has reached its modern form today by following the developments in production and quality technology over the years.\u00a0<\/p><p>Istanbul Cosmetics Industry has offered market leading brands such as Popolin, Arnica, Scarex to the Turkish people.<\/p><p>Since 2005, the sales and marketing organization in the fields of pharmaceuticals, cosmetics and medical devices has been reorganized with the establishment of Talu Pharmaceuticals. Talu Pharmaceuticals serves more than 20,000 pharmacies throughout Turkey with its young and innovative sales staff. With its strong vision, dynamic structure and innovative perspective, Talu Pharmaceuticals is one of the leading companies in Turkey.<\/p><p>The company has a 3000 m2 production facility with an annual production capacity of 85 tons of cream and 3000 tons of liquid. Our company's products are manufactured in accordance with T\u00dcV Rheinland Berlin Brandenburg's ISO 9001-2008 and ISO 13485 quality management system. Our products have been dermatologically and hypoallergenically tested and approved by Laboratoire Dermscan, Sederma, Rahn, Lipotec, Lubrizol and Cerrahpa\u015fa Dermatology Department, the leading laboratories in Europe and America.<\/p>\n\t\t\t\t\t<\/div>\n\t\t\t\t\t\t<\/div>\n\t\t\t\t<\/div>\n\t\t\t\t<\/div>\n\t\t\t\t<\/div>\n\t\t\t\t\t<\/div>\n\t\t\t\t<\/div>\n\t\t\t\t<\/div>","protected":false},"excerpt":{"rendered":"<p>Hakk\u0131m\u0131zda 46 Y\u0131ld\u0131r Sizlerleryiz! Talu \u0130la\u00e7 Sanayi ve \u0130stanbul Kozmetik Sanayi 46 y\u0131l\u0131 a\u015fk\u0131n bir s\u00fcredir T\u00fcrkiye genelinde doktor ve<\/p>","protected":false},"author":1,"featured_media":0,"parent":0,"menu_order":0,"comment_status":"closed","ping_status":"closed","template":"","meta":{"footnotes":""},"class_list":["post-171","page","type-page","status-publish","hentry"],"_links":{"self":[{"href":"https:\/\/taluilac.com\/en\/wp-json\/wp\/v2\/pages\/171","targetHints":{"allow":["GET"]}}],"collection":[{"href":"https:\/\/taluilac.com\/en\/wp-json\/wp\/v2\/pages"}],"about":[{"href":"https:\/\/taluilac.com\/en\/wp-json\/wp\/v2\/types\/page"}],"author":[{"embeddable":true,"href":"https:\/\/taluilac.com\/en\/wp-json\/wp\/v2\/users\/1"}],"replies":[{"embeddable":true,"href":"https:\/\/taluilac.com\/en\/wp-json\/wp\/v2\/comments?post=171"}],"version-history":[{"count":22,"href":"https:\/\/taluilac.com\/en\/wp-json\/wp\/v2\/pages\/171\/revisions"}],"predecessor-version":[{"id":16648,"href":"https:\/\/taluilac.com\/en\/wp-json\/wp\/v2\/pages\/171\/revisions\/16648"}],"wp:attachment":[{"href":"https:\/\/taluilac.com\/en\/wp-json\/wp\/v2\/media?parent=171"}],"curies":[{"name":"wp","href":"https:\/\/api.w.org\/{rel}","templated":true}]}}