{"id":16506,"date":"2026-02-09T01:11:24","date_gmt":"2026-02-08T22:11:24","guid":{"rendered":"https:\/\/taluilac.com\/?post_type=product&#038;p=16506"},"modified":"2026-04-17T13:19:28","modified_gmt":"2026-04-17T10:19:28","slug":"99-natural-baby-care-series","status":"publish","type":"product","link":"https:\/\/taluilac.com\/en\/product\/99-natural-baby-care-series\/","title":{"rendered":"99% Natural Baby Care Series"},"content":{"rendered":"<p><strong>USE<\/strong><\/p>\n<p>For bath use, 8-10 drops of 99 Bath Oil is added to 20 liters of water in the baby bathtub. Afterwards, a 3-5 minute breath-opening, revitalizing body bath is sufficient. For pre-sleep use, 5 drops are added to 1 bowl of hot water 1 hour before the baby is taken into the room. Thus, the baby's room becomes breath-opening, refreshing and relaxing. Use with 99 Baby Hair and Body Shampoo and 99 Baby Oil to complete your baby's natural care.<\/p>\n<p><strong>\u00a0<\/strong><strong>99% Baby Oil<\/strong><\/p>\n<p>For babies, skin-to-skin contact, the mother's touch, is very important. A daily massage with 99% Baby Oil restores health to baby's skin and uniquely complements the emotional bond between mother and baby.<\/p>\n<p><strong>USE<\/strong><\/p>\n<p>Apply 99% Baby Oil to the whole body by massaging after bathing and every time your baby is changed. To soften the mounds on the scalp, apply to the scalp before bathing and wait for 10 minutes. Then gently wash your baby's hair. Use with 99 Baby Hair and Body Shampoo and 99 Baby Rash Cream to complete your baby's natural care.<\/p>\n<p><strong>\u00a0<\/strong><strong>99% Baby Hair and Body Shampoo<\/strong><\/p>\n<p>%99\u2019a varan do\u011fal orijinli i\u00e7eri\u011fi sayesinde bebe\u011finizin hassas cildini tahri\u015f etmeden temizler. Bebe\u011finizin cildinin pH de\u011feri ile uyumlu ve g\u00f6z yakmayan \u00f6zel bir form\u00fcle sahiptir. Cilde zararl\u0131 sert ve tahri\u015fi y\u00fcksek y\u0131kama aktif maddeleri i\u00e7ermez.<\/p>\n<p><strong>USE<\/strong><\/p>\n<p>Apply 99% Baby Hair and Body Shampoo to damp hair and body during bath time by massaging gently. Lather with plenty of water. Rinse thoroughly afterwards. Use 99 Baby Lotion and 99 Baby Cream after bathing to complete your baby's natural care.<\/p>\n<p><strong>\u00a0<\/strong><strong>99% Anti-Rash Cream<\/strong><\/p>\n<p>Contains Centala asiatica, Hamamelis virginia and zinc oxide to protect your baby's sensitive skin against diaper rash and all kinds of redness. Gives the skin a silky softness. Does not contain preservatives.<\/p>\n<p><strong>USE<\/strong><\/p>\n<p>Apply 99 Anti-Rash Cream to sensitive areas every time your baby is changed. Use with 99 Baby Hair and Body Shampoo and 99 Baby Oil to complete your baby's natural care.<\/p>\n<p><strong>\u00a0<\/strong><strong>99% Early and Newborn Baby Shampoo<\/strong><\/p>\n<p>Specially developed for the extremely sensitive skin of premature and newborn babies. The foam obtained with the special nozzle provides ease of washing during bathing. It has a formula that is compatible with the pH value of baby skin and does not burn the eyes.<\/p>\n<p>It does not contain harsh and highly irritating washing active ingredients harmful to the skin. In regular use, it regulates the oil balance of the scalp and prevents the formation of mansions; helps to remove mansions that have already formed. Avocado Oil is rich in vitamins A-E-D. Provides deep and intense moisturizing.<\/p>\n<p><strong>USE<\/strong><\/p>\n<p>99% Early and Newborn Foam Shampoo during bathing, tilt it slightly and squeeze it in the palm of your hand to release foam from the special nozzle. Apply the foam to damp hair and wait for a while. Gently massage the hair and body to cleanse. Rinse thoroughly afterwards. Use 99 Baby Lotion and 99 Baby Cream to complete your baby's natural care.<\/p>","protected":false},"excerpt":{"rendered":"<p>Offering a natural alternative in baby care, 99 products are derived from derivatives of plant extracts such as Coconut Oil, Palm Oil, Sweet Almond Oil, Sunflower Oil, Corn, Wheat and Sugar Cane.<\/p>\n<p>Sodium Laureth Sulfate and Colorant Free; Paraben and Silicone Free, Plant Extract Hypoallergenic Formula.<\/p>\n<p><strong>\u00a0<\/strong><strong>99% Bath Oil<\/strong><\/p>\n<p>%99\u2019a varan do\u011fal orijinli i\u00e7eri\u011fi sayesinde bebe\u011finizi hava de\u011fi\u015fimlerine kar\u015f\u0131 korur ve hassas cildine banyo s\u0131ras\u0131nda canland\u0131r\u0131c\u0131 bir bak\u0131m yapar.<\/p>","protected":false},"featured_media":16667,"comment_status":"open","ping_status":"closed","template":"","meta":[],"product_brand":[72],"product_cat":[76],"product_tag":[],"class_list":{"0":"post-16506","1":"product","2":"type-product","3":"status-publish","4":"has-post-thumbnail","6":"product_brand-72","7":"product_cat-bebek-bakimi","9":"first","10":"instock","11":"shipping-taxable","12":"product-type-simple"},"_links":{"self":[{"href":"https:\/\/taluilac.com\/en\/wp-json\/wp\/v2\/product\/16506","targetHints":{"allow":["GET"]}}],"collection":[{"href":"https:\/\/taluilac.com\/en\/wp-json\/wp\/v2\/product"}],"about":[{"href":"https:\/\/taluilac.com\/en\/wp-json\/wp\/v2\/types\/product"}],"replies":[{"embeddable":true,"href":"https:\/\/taluilac.com\/en\/wp-json\/wp\/v2\/comments?post=16506"}],"version-history":[{"count":1,"href":"https:\/\/taluilac.com\/en\/wp-json\/wp\/v2\/product\/16506\/revisions"}],"predecessor-version":[{"id":16508,"href":"https:\/\/taluilac.com\/en\/wp-json\/wp\/v2\/product\/16506\/revisions\/16508"}],"wp:featuredmedia":[{"embeddable":true,"href":"https:\/\/taluilac.com\/en\/wp-json\/wp\/v2\/media\/16667"}],"wp:attachment":[{"href":"https:\/\/taluilac.com\/en\/wp-json\/wp\/v2\/media?parent=16506"}],"wp:term":[{"taxonomy":"product_brand","embeddable":true,"href":"https:\/\/taluilac.com\/en\/wp-json\/wp\/v2\/product_brand?post=16506"},{"taxonomy":"product_cat","embeddable":true,"href":"https:\/\/taluilac.com\/en\/wp-json\/wp\/v2\/product_cat?post=16506"},{"taxonomy":"product_tag","embeddable":true,"href":"https:\/\/taluilac.com\/en\/wp-json\/wp\/v2\/product_tag?post=16506"}],"curies":[{"name":"wp","href":"https:\/\/api.w.org\/{rel}","templated":true}]}}